                                                                                                                                                                                                                                                                                                                                                                                                                                         {"id":284,"date":"2024-08-23T18:27:10","date_gmt":"2024-08-23T18:27:10","guid":{"rendered":"https:\/\/midnights.taylorswift.com.br\/?page_id=284"},"modified":"2025-10-13T04:01:31","modified_gmt":"2025-10-13T04:01:31","slug":"turne","status":"publish","type":"page","link":"https:\/\/midnights.taylorswift.com.br\/index.php\/turne\/","title":{"rendered":"Turn\u00ea"},"content":{"rendered":"\n<p>Assim como os \u00e1lbuns \u201cLover\u201d, \u201cfolklore\u201d e \u201cevermore\u201d, &#8220;Midnights&#8221; n\u00e3o possui uma turn\u00ea pr\u00f3pria de divulga\u00e7\u00e3o, ao inv\u00e9s disso, o disco faz parte da The Eras Tour, a turn\u00ea de Taylor Swift que buscou celebrar todas as suas eras.<\/p>\n\n\n<div class=\"wp-block-image\">\n<figure class=\"aligncenter size-full is-resized\"><img loading=\"lazy\" decoding=\"async\" width=\"1080\" height=\"540\" src=\"https:\/\/midnights.taylorswift.com.br\/wp-content\/uploads\/2024\/04\/Midnights-Doodle.png\" alt=\"\" class=\"wp-image-70\" style=\"width:291px;height:auto\" srcset=\"https:\/\/midnights.taylorswift.com.br\/wp-content\/uploads\/2024\/04\/Midnights-Doodle.png 1080w, https:\/\/midnights.taylorswift.com.br\/wp-content\/uploads\/2024\/04\/Midnights-Doodle-300x150.png 300w, https:\/\/midnights.taylorswift.com.br\/wp-content\/uploads\/2024\/04\/Midnights-Doodle-1024x512.png 1024w, https:\/\/midnights.taylorswift.com.br\/wp-content\/uploads\/2024\/04\/Midnights-Doodle-768x384.png 768w\" sizes=\"(max-width: 1080px) 100vw, 1080px\" \/><\/figure><\/div>\n\n\n<p>Na The Eras Tour, 7 m\u00fasicas do \u201cMidnights\u201d foram apresentadas de forma fixa:<\/p>\n\n\n\n<p>Lavender Haze<br>Anti-Hero<br>Midnight Rain<br>Vigilante Shit<br>Bejeweled<br>Mastermind<br>Karma<\/p>\n\n\n\n<p>Al\u00e9m dessas, &#8220;You&#8217;re On Your Own, Kid&#8221; e &#8220;Maroon&#8221; s\u00e3o duas can\u00e7\u00f5es que apareceram com regularidade sendo cantadas no ato ac\u00fastico, embora n\u00e3o fossem fixas na setlist.<\/p>\n\n\n\n<p>A turn\u00ea foi finalizada em dezembro de 2024, com 153 shows no total \u2013 a maior quantidade de apresenta\u00e7\u00f5es em uma turn\u00ea na carreira da artista.<\/p>\n\n\n\n<figure class=\"wp-block-gallery has-nested-images columns-default is-cropped wp-block-gallery-1 is-layout-flex wp-block-gallery-is-layout-flex\">\n<figure class=\"wp-block-image size-large\"><img loading=\"lazy\" decoding=\"async\" width=\"1024\" height=\"708\" data-id=\"314\" src=\"https:\/\/midnights.taylorswift.com.br\/wp-content\/uploads\/2025\/10\/037-1024x708.jpg\" alt=\"\" class=\"wp-image-314\" srcset=\"https:\/\/midnights.taylorswift.com.br\/wp-content\/uploads\/2025\/10\/037-1024x708.jpg 1024w, https:\/\/midnights.taylorswift.com.br\/wp-content\/uploads\/2025\/10\/037-300x207.jpg 300w, https:\/\/midnights.taylorswift.com.br\/wp-content\/uploads\/2025\/10\/037-768x531.jpg 768w, https:\/\/midnights.taylorswift.com.br\/wp-content\/uploads\/2025\/10\/037-1536x1062.jpg 1536w, https:\/\/midnights.taylorswift.com.br\/wp-content\/uploads\/2025\/10\/037-2048x1416.jpg 2048w\" sizes=\"(max-width: 1024px) 100vw, 1024px\" \/><\/figure>\n\n\n\n<figure class=\"wp-block-image size-large\"><img loading=\"lazy\" decoding=\"async\" width=\"1024\" height=\"685\" data-id=\"315\" src=\"https:\/\/midnights.taylorswift.com.br\/wp-content\/uploads\/2025\/10\/052-1024x685.jpg\" alt=\"\" class=\"wp-image-315\" srcset=\"https:\/\/midnights.taylorswift.com.br\/wp-content\/uploads\/2025\/10\/052-1024x685.jpg 1024w, https:\/\/midnights.taylorswift.com.br\/wp-content\/uploads\/2025\/10\/052-300x201.jpg 300w, https:\/\/midnights.taylorswift.com.br\/wp-content\/uploads\/2025\/10\/052-768x514.jpg 768w, https:\/\/midnights.taylorswift.com.br\/wp-content\/uploads\/2025\/10\/052-1536x1028.jpg 1536w, https:\/\/midnights.taylorswift.com.br\/wp-content\/uploads\/2025\/10\/052-2048x1371.jpg 2048w\" sizes=\"(max-width: 1024px) 100vw, 1024px\" \/><\/figure>\n\n\n\n<figure class=\"wp-block-image size-large\"><img loading=\"lazy\" decoding=\"async\" width=\"1024\" height=\"683\" data-id=\"311\" src=\"https:\/\/midnights.taylorswift.com.br\/wp-content\/uploads\/2025\/10\/20230611_205453-1024x683.jpg\" alt=\"\" class=\"wp-image-311\" srcset=\"https:\/\/midnights.taylorswift.com.br\/wp-content\/uploads\/2025\/10\/20230611_205453-1024x683.jpg 1024w, https:\/\/midnights.taylorswift.com.br\/wp-content\/uploads\/2025\/10\/20230611_205453-300x200.jpg 300w, https:\/\/midnights.taylorswift.com.br\/wp-content\/uploads\/2025\/10\/20230611_205453-768x512.jpg 768w, https:\/\/midnights.taylorswift.com.br\/wp-content\/uploads\/2025\/10\/20230611_205453-1536x1024.jpg 1536w, https:\/\/midnights.taylorswift.com.br\/wp-content\/uploads\/2025\/10\/20230611_205453.jpg 2048w\" sizes=\"(max-width: 1024px) 100vw, 1024px\" \/><\/figure>\n\n\n\n<figure class=\"wp-block-image size-large\"><img loading=\"lazy\" decoding=\"async\" width=\"1024\" height=\"683\" data-id=\"299\" src=\"https:\/\/midnights.taylorswift.com.br\/wp-content\/uploads\/2025\/10\/20230611_205520-1024x683.jpg\" alt=\"\" class=\"wp-image-299\" srcset=\"https:\/\/midnights.taylorswift.com.br\/wp-content\/uploads\/2025\/10\/20230611_205520-1024x683.jpg 1024w, https:\/\/midnights.taylorswift.com.br\/wp-content\/uploads\/2025\/10\/20230611_205520-300x200.jpg 300w, https:\/\/midnights.taylorswift.com.br\/wp-content\/uploads\/2025\/10\/20230611_205520-768x512.jpg 768w, https:\/\/midnights.taylorswift.com.br\/wp-content\/uploads\/2025\/10\/20230611_205520-1536x1024.jpg 1536w, https:\/\/midnights.taylorswift.com.br\/wp-content\/uploads\/2025\/10\/20230611_205520.jpg 2048w\" sizes=\"(max-width: 1024px) 100vw, 1024px\" \/><\/figure>\n\n\n\n<figure class=\"wp-block-image size-large\"><img loading=\"lazy\" decoding=\"async\" width=\"1024\" height=\"683\" data-id=\"312\" src=\"https:\/\/midnights.taylorswift.com.br\/wp-content\/uploads\/2025\/10\/20230611_205522-1024x683.jpg\" alt=\"\" class=\"wp-image-312\" srcset=\"https:\/\/midnights.taylorswift.com.br\/wp-content\/uploads\/2025\/10\/20230611_205522-1024x683.jpg 1024w, https:\/\/midnights.taylorswift.com.br\/wp-content\/uploads\/2025\/10\/20230611_205522-300x200.jpg 300w, https:\/\/midnights.taylorswift.com.br\/wp-content\/uploads\/2025\/10\/20230611_205522-768x512.jpg 768w, https:\/\/midnights.taylorswift.com.br\/wp-content\/uploads\/2025\/10\/20230611_205522-1536x1025.jpg 1536w, https:\/\/midnights.taylorswift.com.br\/wp-content\/uploads\/2025\/10\/20230611_205522.jpg 2048w\" sizes=\"(max-width: 1024px) 100vw, 1024px\" \/><\/figure>\n\n\n\n<figure class=\"wp-block-image size-large\"><img loading=\"lazy\" decoding=\"async\" width=\"1024\" height=\"683\" data-id=\"303\" src=\"https:\/\/midnights.taylorswift.com.br\/wp-content\/uploads\/2025\/10\/450385722_taylor-57-1024x683.jpg\" alt=\"\" class=\"wp-image-303\" srcset=\"https:\/\/midnights.taylorswift.com.br\/wp-content\/uploads\/2025\/10\/450385722_taylor-57-1024x683.jpg 1024w, https:\/\/midnights.taylorswift.com.br\/wp-content\/uploads\/2025\/10\/450385722_taylor-57-300x200.jpg 300w, https:\/\/midnights.taylorswift.com.br\/wp-content\/uploads\/2025\/10\/450385722_taylor-57-768x512.jpg 768w, https:\/\/midnights.taylorswift.com.br\/wp-content\/uploads\/2025\/10\/450385722_taylor-57-1536x1024.jpg 1536w, https:\/\/midnights.taylorswift.com.br\/wp-content\/uploads\/2025\/10\/450385722_taylor-57.jpg 2048w\" sizes=\"(max-width: 1024px) 100vw, 1024px\" \/><\/figure>\n\n\n\n<figure class=\"wp-block-image size-large\"><img loading=\"lazy\" decoding=\"async\" width=\"1024\" height=\"683\" data-id=\"302\" src=\"https:\/\/midnights.taylorswift.com.br\/wp-content\/uploads\/2025\/10\/450385751_taylor-60-1024x683.jpg\" alt=\"\" class=\"wp-image-302\" srcset=\"https:\/\/midnights.taylorswift.com.br\/wp-content\/uploads\/2025\/10\/450385751_taylor-60-1024x683.jpg 1024w, https:\/\/midnights.taylorswift.com.br\/wp-content\/uploads\/2025\/10\/450385751_taylor-60-300x200.jpg 300w, https:\/\/midnights.taylorswift.com.br\/wp-content\/uploads\/2025\/10\/450385751_taylor-60-768x512.jpg 768w, https:\/\/midnights.taylorswift.com.br\/wp-content\/uploads\/2025\/10\/450385751_taylor-60-1536x1024.jpg 1536w, https:\/\/midnights.taylorswift.com.br\/wp-content\/uploads\/2025\/10\/450385751_taylor-60.jpg 2048w\" sizes=\"(max-width: 1024px) 100vw, 1024px\" \/><\/figure>\n\n\n\n<figure class=\"wp-block-image size-large\"><img loading=\"lazy\" decoding=\"async\" width=\"1024\" height=\"678\" data-id=\"304\" src=\"https:\/\/midnights.taylorswift.com.br\/wp-content\/uploads\/2025\/10\/467595969_ts8-1024x678.jpg\" alt=\"\" class=\"wp-image-304\" srcset=\"https:\/\/midnights.taylorswift.com.br\/wp-content\/uploads\/2025\/10\/467595969_ts8-1024x678.jpg 1024w, https:\/\/midnights.taylorswift.com.br\/wp-content\/uploads\/2025\/10\/467595969_ts8-300x199.jpg 300w, https:\/\/midnights.taylorswift.com.br\/wp-content\/uploads\/2025\/10\/467595969_ts8-768x509.jpg 768w, https:\/\/midnights.taylorswift.com.br\/wp-content\/uploads\/2025\/10\/467595969_ts8-1536x1017.jpg 1536w, https:\/\/midnights.taylorswift.com.br\/wp-content\/uploads\/2025\/10\/467595969_ts8.jpg 2048w\" sizes=\"(max-width: 1024px) 100vw, 1024px\" \/><\/figure>\n\n\n\n<figure class=\"wp-block-image size-large\"><img loading=\"lazy\" decoding=\"async\" width=\"1024\" height=\"683\" data-id=\"313\" src=\"https:\/\/midnights.taylorswift.com.br\/wp-content\/uploads\/2025\/10\/DSC01296-Edit-1024x683.jpg\" alt=\"\" class=\"wp-image-313\" srcset=\"https:\/\/midnights.taylorswift.com.br\/wp-content\/uploads\/2025\/10\/DSC01296-Edit-1024x683.jpg 1024w, https:\/\/midnights.taylorswift.com.br\/wp-content\/uploads\/2025\/10\/DSC01296-Edit-300x200.jpg 300w, https:\/\/midnights.taylorswift.com.br\/wp-content\/uploads\/2025\/10\/DSC01296-Edit-768x512.jpg 768w, https:\/\/midnights.taylorswift.com.br\/wp-content\/uploads\/2025\/10\/DSC01296-Edit-1536x1024.jpg 1536w, https:\/\/midnights.taylorswift.com.br\/wp-content\/uploads\/2025\/10\/DSC01296-Edit-2048x1365.jpg 2048w\" sizes=\"(max-width: 1024px) 100vw, 1024px\" \/><\/figure>\n\n\n\n<figure class=\"wp-block-image size-large\"><img loading=\"lazy\" decoding=\"async\" width=\"1024\" height=\"683\" data-id=\"309\" src=\"https:\/\/midnights.taylorswift.com.br\/wp-content\/uploads\/2025\/10\/J9JBA1Es_o-1024x683.jpg\" alt=\"\" class=\"wp-image-309\" srcset=\"https:\/\/midnights.taylorswift.com.br\/wp-content\/uploads\/2025\/10\/J9JBA1Es_o-1024x683.jpg 1024w, https:\/\/midnights.taylorswift.com.br\/wp-content\/uploads\/2025\/10\/J9JBA1Es_o-300x200.jpg 300w, https:\/\/midnights.taylorswift.com.br\/wp-content\/uploads\/2025\/10\/J9JBA1Es_o-768x512.jpg 768w, https:\/\/midnights.taylorswift.com.br\/wp-content\/uploads\/2025\/10\/J9JBA1Es_o-1536x1024.jpg 1536w, https:\/\/midnights.taylorswift.com.br\/wp-content\/uploads\/2025\/10\/J9JBA1Es_o.jpg 2048w\" sizes=\"(max-width: 1024px) 100vw, 1024px\" \/><\/figure>\n\n\n\n<figure class=\"wp-block-image size-large\"><img loading=\"lazy\" decoding=\"async\" width=\"1024\" height=\"683\" data-id=\"300\" src=\"https:\/\/midnights.taylorswift.com.br\/wp-content\/uploads\/2025\/10\/kNVOSWXd_o-1024x683.jpg\" alt=\"\" class=\"wp-image-300\" srcset=\"https:\/\/midnights.taylorswift.com.br\/wp-content\/uploads\/2025\/10\/kNVOSWXd_o-1024x683.jpg 1024w, https:\/\/midnights.taylorswift.com.br\/wp-content\/uploads\/2025\/10\/kNVOSWXd_o-300x200.jpg 300w, https:\/\/midnights.taylorswift.com.br\/wp-content\/uploads\/2025\/10\/kNVOSWXd_o-768x512.jpg 768w, https:\/\/midnights.taylorswift.com.br\/wp-content\/uploads\/2025\/10\/kNVOSWXd_o-1536x1025.jpg 1536w, https:\/\/midnights.taylorswift.com.br\/wp-content\/uploads\/2025\/10\/kNVOSWXd_o.jpg 2048w\" sizes=\"(max-width: 1024px) 100vw, 1024px\" \/><\/figure>\n\n\n\n<figure class=\"wp-block-image size-large\"><img loading=\"lazy\" decoding=\"async\" width=\"1024\" height=\"683\" data-id=\"297\" src=\"https:\/\/midnights.taylorswift.com.br\/wp-content\/uploads\/2025\/10\/l7sLrn1Z_o-1024x683.jpg\" alt=\"\" class=\"wp-image-297\" srcset=\"https:\/\/midnights.taylorswift.com.br\/wp-content\/uploads\/2025\/10\/l7sLrn1Z_o-1024x683.jpg 1024w, https:\/\/midnights.taylorswift.com.br\/wp-content\/uploads\/2025\/10\/l7sLrn1Z_o-300x200.jpg 300w, https:\/\/midnights.taylorswift.com.br\/wp-content\/uploads\/2025\/10\/l7sLrn1Z_o-768x512.jpg 768w, https:\/\/midnights.taylorswift.com.br\/wp-content\/uploads\/2025\/10\/l7sLrn1Z_o-1536x1024.jpg 1536w, https:\/\/midnights.taylorswift.com.br\/wp-content\/uploads\/2025\/10\/l7sLrn1Z_o.jpg 2048w\" sizes=\"(max-width: 1024px) 100vw, 1024px\" \/><\/figure>\n\n\n\n<figure class=\"wp-block-image size-large\"><img loading=\"lazy\" decoding=\"async\" width=\"1024\" height=\"683\" data-id=\"301\" src=\"https:\/\/midnights.taylorswift.com.br\/wp-content\/uploads\/2025\/10\/taylor-143-1024x683.jpg\" alt=\"\" class=\"wp-image-301\" srcset=\"https:\/\/midnights.taylorswift.com.br\/wp-content\/uploads\/2025\/10\/taylor-143-1024x683.jpg 1024w, https:\/\/midnights.taylorswift.com.br\/wp-content\/uploads\/2025\/10\/taylor-143-300x200.jpg 300w, https:\/\/midnights.taylorswift.com.br\/wp-content\/uploads\/2025\/10\/taylor-143-768x512.jpg 768w, https:\/\/midnights.taylorswift.com.br\/wp-content\/uploads\/2025\/10\/taylor-143-1536x1025.jpg 1536w, https:\/\/midnights.taylorswift.com.br\/wp-content\/uploads\/2025\/10\/taylor-143.jpg 2048w\" sizes=\"(max-width: 1024px) 100vw, 1024px\" \/><\/figure>\n\n\n\n<figure class=\"wp-block-image size-large\"><img loading=\"lazy\" decoding=\"async\" width=\"1024\" height=\"683\" data-id=\"308\" src=\"https:\/\/midnights.taylorswift.com.br\/wp-content\/uploads\/2025\/10\/taylor-51-2-1024x683.jpg\" alt=\"\" class=\"wp-image-308\" srcset=\"https:\/\/midnights.taylorswift.com.br\/wp-content\/uploads\/2025\/10\/taylor-51-2-1024x683.jpg 1024w, https:\/\/midnights.taylorswift.com.br\/wp-content\/uploads\/2025\/10\/taylor-51-2-300x200.jpg 300w, https:\/\/midnights.taylorswift.com.br\/wp-content\/uploads\/2025\/10\/taylor-51-2-768x512.jpg 768w, https:\/\/midnights.taylorswift.com.br\/wp-content\/uploads\/2025\/10\/taylor-51-2-1536x1025.jpg 1536w, https:\/\/midnights.taylorswift.com.br\/wp-content\/uploads\/2025\/10\/taylor-51-2.jpg 2048w\" sizes=\"(max-width: 1024px) 100vw, 1024px\" \/><\/figure>\n\n\n\n<figure class=\"wp-block-image size-large\"><img loading=\"lazy\" decoding=\"async\" width=\"1024\" height=\"683\" data-id=\"305\" src=\"https:\/\/midnights.taylorswift.com.br\/wp-content\/uploads\/2025\/10\/taylor-52-2-1024x683.jpg\" alt=\"\" class=\"wp-image-305\" srcset=\"https:\/\/midnights.taylorswift.com.br\/wp-content\/uploads\/2025\/10\/taylor-52-2-1024x683.jpg 1024w, https:\/\/midnights.taylorswift.com.br\/wp-content\/uploads\/2025\/10\/taylor-52-2-300x200.jpg 300w, https:\/\/midnights.taylorswift.com.br\/wp-content\/uploads\/2025\/10\/taylor-52-2-768x512.jpg 768w, https:\/\/midnights.taylorswift.com.br\/wp-content\/uploads\/2025\/10\/taylor-52-2-1536x1025.jpg 1536w, https:\/\/midnights.taylorswift.com.br\/wp-content\/uploads\/2025\/10\/taylor-52-2.jpg 2048w\" sizes=\"(max-width: 1024px) 100vw, 1024px\" \/><\/figure>\n\n\n\n<figure class=\"wp-block-image size-large\"><img loading=\"lazy\" decoding=\"async\" width=\"1024\" height=\"683\" data-id=\"310\" src=\"https:\/\/midnights.taylorswift.com.br\/wp-content\/uploads\/2025\/10\/taylor-55-1024x683.jpg\" alt=\"\" class=\"wp-image-310\" srcset=\"https:\/\/midnights.taylorswift.com.br\/wp-content\/uploads\/2025\/10\/taylor-55-1024x683.jpg 1024w, https:\/\/midnights.taylorswift.com.br\/wp-content\/uploads\/2025\/10\/taylor-55-300x200.jpg 300w, https:\/\/midnights.taylorswift.com.br\/wp-content\/uploads\/2025\/10\/taylor-55-768x512.jpg 768w, https:\/\/midnights.taylorswift.com.br\/wp-content\/uploads\/2025\/10\/taylor-55-1536x1025.jpg 1536w, https:\/\/midnights.taylorswift.com.br\/wp-content\/uploads\/2025\/10\/taylor-55.jpg 2048w\" sizes=\"(max-width: 1024px) 100vw, 1024px\" \/><\/figure>\n\n\n\n<figure class=\"wp-block-image size-large\"><img loading=\"lazy\" decoding=\"async\" width=\"1024\" height=\"688\" data-id=\"306\" src=\"https:\/\/midnights.taylorswift.com.br\/wp-content\/uploads\/2025\/10\/taylor-113-1024x688.jpg\" alt=\"\" class=\"wp-image-306\" srcset=\"https:\/\/midnights.taylorswift.com.br\/wp-content\/uploads\/2025\/10\/taylor-113-1024x688.jpg 1024w, https:\/\/midnights.taylorswift.com.br\/wp-content\/uploads\/2025\/10\/taylor-113-300x201.jpg 300w, https:\/\/midnights.taylorswift.com.br\/wp-content\/uploads\/2025\/10\/taylor-113-768x516.jpg 768w, https:\/\/midnights.taylorswift.com.br\/wp-content\/uploads\/2025\/10\/taylor-113-1536x1031.jpg 1536w, https:\/\/midnights.taylorswift.com.br\/wp-content\/uploads\/2025\/10\/taylor-113.jpg 2048w\" sizes=\"(max-width: 1024px) 100vw, 1024px\" \/><\/figure>\n\n\n\n<figure class=\"wp-block-image size-large\"><img loading=\"lazy\" decoding=\"async\" width=\"1024\" height=\"705\" data-id=\"307\" src=\"https:\/\/midnights.taylorswift.com.br\/wp-content\/uploads\/2025\/10\/taylor-114-1024x705.jpg\" alt=\"\" class=\"wp-image-307\" srcset=\"https:\/\/midnights.taylorswift.com.br\/wp-content\/uploads\/2025\/10\/taylor-114-1024x705.jpg 1024w, https:\/\/midnights.taylorswift.com.br\/wp-content\/uploads\/2025\/10\/taylor-114-300x206.jpg 300w, https:\/\/midnights.taylorswift.com.br\/wp-content\/uploads\/2025\/10\/taylor-114-768x528.jpg 768w, https:\/\/midnights.taylorswift.com.br\/wp-content\/uploads\/2025\/10\/taylor-114-1536x1057.jpg 1536w, https:\/\/midnights.taylorswift.com.br\/wp-content\/uploads\/2025\/10\/taylor-114.jpg 2048w\" sizes=\"(max-width: 1024px) 100vw, 1024px\" \/><\/figure>\n<\/figure>\n","protected":false},"excerpt":{"rendered":"<p>Assim como os \u00e1lbuns \u201cLover\u201d, \u201cfolklore\u201d e \u201cevermore\u201d, &#8220;Midnights&#8221; n\u00e3o possui uma turn\u00ea pr\u00f3pria de divulga\u00e7\u00e3o, ao inv\u00e9s disso, o disco faz parte da The Eras Tour, a turn\u00ea de Taylor Swift que buscou celebrar todas as suas eras. Na The Eras Tour, 7 m\u00fasicas do \u201cMidnights\u201d foram apresentadas de forma fixa: Lavender HazeAnti-HeroMidnight RainVigilante [&hellip;]<\/p>\n","protected":false},"author":1,"featured_media":290,"parent":0,"menu_order":0,"comment_status":"closed","ping_status":"closed","template":"","meta":{"footnotes":""},"_links":{"self":[{"href":"https:\/\/midnights.taylorswift.com.br\/index.php\/wp-json\/wp\/v2\/pages\/284"}],"collection":[{"href":"https:\/\/midnights.taylorswift.com.br\/index.php\/wp-json\/wp\/v2\/pages"}],"about":[{"href":"https:\/\/midnights.taylorswift.com.br\/index.php\/wp-json\/wp\/v2\/types\/page"}],"author":[{"embeddable":true,"href":"https:\/\/midnights.taylorswift.com.br\/index.php\/wp-json\/wp\/v2\/users\/1"}],"replies":[{"embeddable":true,"href":"https:\/\/midnights.taylorswift.com.br\/index.php\/wp-json\/wp\/v2\/comments?post=284"}],"version-history":[{"count":4,"href":"https:\/\/midnights.taylorswift.com.br\/index.php\/wp-json\/wp\/v2\/pages\/284\/revisions"}],"predecessor-version":[{"id":316,"href":"https:\/\/midnights.taylorswift.com.br\/index.php\/wp-json\/wp\/v2\/pages\/284\/revisions\/316"}],"wp:featuredmedia":[{"embeddable":true,"href":"https:\/\/midnights.taylorswift.com.br\/index.php\/wp-json\/wp\/v2\/media\/290"}],"wp:attachment":[{"href":"https:\/\/midnights.taylorswift.com.br\/index.php\/wp-json\/wp\/v2\/media?parent=284"}],"curies":[{"name":"wp","href":"https:\/\/api.w.org\/{rel}","templated":true}]}}