                                                                                                                                                                                                                                                                                                                                                                                                                                         {"id":258,"date":"2024-04-29T18:36:07","date_gmt":"2024-04-29T18:36:07","guid":{"rendered":"https:\/\/midnights.taylorswift.com.br\/?page_id=258"},"modified":"2024-04-29T22:46:50","modified_gmt":"2024-04-29T22:46:50","slug":"singles","status":"publish","type":"page","link":"https:\/\/midnights.taylorswift.com.br\/index.php\/singles\/","title":{"rendered":"Singles"},"content":{"rendered":"<div class=\"wp-block-image\">\n<figure class=\"aligncenter size-large is-resized\"><img loading=\"lazy\" decoding=\"async\" width=\"1024\" height=\"1024\" src=\"https:\/\/midnights.taylorswift.com.br\/wp-content\/uploads\/2024\/04\/Anti-hero-Cover-1024x1024.webp\" alt=\"\" class=\"wp-image-259\" style=\"width:220px;height:undefinedpx\" srcset=\"https:\/\/midnights.taylorswift.com.br\/wp-content\/uploads\/2024\/04\/Anti-hero-Cover-1024x1024.webp 1024w, https:\/\/midnights.taylorswift.com.br\/wp-content\/uploads\/2024\/04\/Anti-hero-Cover-300x300.webp 300w, https:\/\/midnights.taylorswift.com.br\/wp-content\/uploads\/2024\/04\/Anti-hero-Cover-150x150.webp 150w, https:\/\/midnights.taylorswift.com.br\/wp-content\/uploads\/2024\/04\/Anti-hero-Cover-768x768.webp 768w, https:\/\/midnights.taylorswift.com.br\/wp-content\/uploads\/2024\/04\/Anti-hero-Cover-1536x1536.webp 1536w, https:\/\/midnights.taylorswift.com.br\/wp-content\/uploads\/2024\/04\/Anti-hero-Cover-2048x2048.webp 2048w\" sizes=\"(max-width: 1024px) 100vw, 1024px\" \/><figcaption class=\"wp-element-caption\"><strong>&#8220;ANTI-HERO&#8221;<\/strong><\/figcaption><\/figure><\/div>\n\n\n<p><strong>Lan\u00e7amento:<\/strong> 21 de outubro de 2022<br><strong>Maior posi\u00e7\u00e3o na Billboard Hot 100:<\/strong> #1<br><strong>C\u00f3pias vendidas mundialmente:<\/strong> 1.310.000.000<\/p>\n\n\n<div class=\"wp-block-image\">\n<figure class=\"aligncenter size-full is-resized\"><img loading=\"lazy\" decoding=\"async\" width=\"1080\" height=\"540\" src=\"https:\/\/midnights.taylorswift.com.br\/wp-content\/uploads\/2024\/04\/Midnights-Doodle.png\" alt=\"\" class=\"wp-image-70\" style=\"width:291px;height:auto\" srcset=\"https:\/\/midnights.taylorswift.com.br\/wp-content\/uploads\/2024\/04\/Midnights-Doodle.png 1080w, https:\/\/midnights.taylorswift.com.br\/wp-content\/uploads\/2024\/04\/Midnights-Doodle-300x150.png 300w, https:\/\/midnights.taylorswift.com.br\/wp-content\/uploads\/2024\/04\/Midnights-Doodle-1024x512.png 1024w, https:\/\/midnights.taylorswift.com.br\/wp-content\/uploads\/2024\/04\/Midnights-Doodle-768x384.png 768w\" sizes=\"(max-width: 1080px) 100vw, 1080px\" \/><\/figure><\/div>\n\n<div class=\"wp-block-image\">\n<figure class=\"aligncenter size-large is-resized\"><img loading=\"lazy\" decoding=\"async\" width=\"1024\" height=\"1024\" src=\"https:\/\/midnights.taylorswift.com.br\/wp-content\/uploads\/2024\/04\/Bejeweled-Cover-1024x1024.webp\" alt=\"\" class=\"wp-image-261\" style=\"width:220px;height:undefinedpx\" srcset=\"https:\/\/midnights.taylorswift.com.br\/wp-content\/uploads\/2024\/04\/Bejeweled-Cover-1024x1024.webp 1024w, https:\/\/midnights.taylorswift.com.br\/wp-content\/uploads\/2024\/04\/Bejeweled-Cover-300x300.webp 300w, https:\/\/midnights.taylorswift.com.br\/wp-content\/uploads\/2024\/04\/Bejeweled-Cover-150x150.webp 150w, https:\/\/midnights.taylorswift.com.br\/wp-content\/uploads\/2024\/04\/Bejeweled-Cover-768x768.webp 768w, https:\/\/midnights.taylorswift.com.br\/wp-content\/uploads\/2024\/04\/Bejeweled-Cover-1536x1536.webp 1536w, https:\/\/midnights.taylorswift.com.br\/wp-content\/uploads\/2024\/04\/Bejeweled-Cover-2048x2048.webp 2048w\" sizes=\"(max-width: 1024px) 100vw, 1024px\" \/><figcaption class=\"wp-element-caption\"><strong>&#8220;BEJEWELED&#8221;<\/strong><\/figcaption><\/figure><\/div>\n\n\n<p><strong>Lan\u00e7amento:<\/strong> 21 de outubro de 2022<br><strong>Maior posi\u00e7\u00e3o na Billboard Hot 100: <\/strong>#6<br><strong>C\u00f3pias vendidas mundialmente:<\/strong> 690.000<\/p>\n\n\n<div class=\"wp-block-image\">\n<figure class=\"aligncenter size-full is-resized\"><img loading=\"lazy\" decoding=\"async\" width=\"1080\" height=\"540\" src=\"https:\/\/midnights.taylorswift.com.br\/wp-content\/uploads\/2024\/04\/Midnights-Doodle.png\" alt=\"\" class=\"wp-image-70\" style=\"width:291px;height:auto\" srcset=\"https:\/\/midnights.taylorswift.com.br\/wp-content\/uploads\/2024\/04\/Midnights-Doodle.png 1080w, https:\/\/midnights.taylorswift.com.br\/wp-content\/uploads\/2024\/04\/Midnights-Doodle-300x150.png 300w, https:\/\/midnights.taylorswift.com.br\/wp-content\/uploads\/2024\/04\/Midnights-Doodle-1024x512.png 1024w, https:\/\/midnights.taylorswift.com.br\/wp-content\/uploads\/2024\/04\/Midnights-Doodle-768x384.png 768w\" sizes=\"(max-width: 1080px) 100vw, 1080px\" \/><\/figure><\/div>\n\n<div class=\"wp-block-image\">\n<figure class=\"aligncenter size-large is-resized\"><img loading=\"lazy\" decoding=\"async\" width=\"1024\" height=\"1024\" src=\"https:\/\/midnights.taylorswift.com.br\/wp-content\/uploads\/2024\/04\/Lavender-Haze-Cover-1024x1024.webp\" alt=\"\" class=\"wp-image-260\" style=\"width:220px;height:undefinedpx\" srcset=\"https:\/\/midnights.taylorswift.com.br\/wp-content\/uploads\/2024\/04\/Lavender-Haze-Cover-1024x1024.webp 1024w, https:\/\/midnights.taylorswift.com.br\/wp-content\/uploads\/2024\/04\/Lavender-Haze-Cover-300x300.webp 300w, https:\/\/midnights.taylorswift.com.br\/wp-content\/uploads\/2024\/04\/Lavender-Haze-Cover-150x150.webp 150w, https:\/\/midnights.taylorswift.com.br\/wp-content\/uploads\/2024\/04\/Lavender-Haze-Cover-768x768.webp 768w, https:\/\/midnights.taylorswift.com.br\/wp-content\/uploads\/2024\/04\/Lavender-Haze-Cover-1536x1536.webp 1536w, https:\/\/midnights.taylorswift.com.br\/wp-content\/uploads\/2024\/04\/Lavender-Haze-Cover-2048x2048.webp 2048w\" sizes=\"(max-width: 1024px) 100vw, 1024px\" \/><figcaption class=\"wp-element-caption\"><strong>&#8220;LAVENDER HAZE&#8221;<\/strong><\/figcaption><\/figure><\/div>\n\n\n<p><strong>Lan\u00e7amento: <\/strong>21 de outubro de 2022<br><strong>Maior posi\u00e7\u00e3o na Billboard Hot 100: <\/strong>#2<br><strong>C\u00f3pias vendidas mundialmente: <\/strong>1.105.000<\/p>\n\n\n<div class=\"wp-block-image\">\n<figure class=\"aligncenter size-full is-resized\"><img loading=\"lazy\" decoding=\"async\" width=\"1080\" height=\"540\" src=\"https:\/\/midnights.taylorswift.com.br\/wp-content\/uploads\/2024\/04\/Midnights-Doodle.png\" alt=\"\" class=\"wp-image-70\" style=\"width:291px;height:auto\" srcset=\"https:\/\/midnights.taylorswift.com.br\/wp-content\/uploads\/2024\/04\/Midnights-Doodle.png 1080w, https:\/\/midnights.taylorswift.com.br\/wp-content\/uploads\/2024\/04\/Midnights-Doodle-300x150.png 300w, https:\/\/midnights.taylorswift.com.br\/wp-content\/uploads\/2024\/04\/Midnights-Doodle-1024x512.png 1024w, https:\/\/midnights.taylorswift.com.br\/wp-content\/uploads\/2024\/04\/Midnights-Doodle-768x384.png 768w\" sizes=\"(max-width: 1080px) 100vw, 1080px\" \/><\/figure><\/div>\n\n<div class=\"wp-block-image\">\n<figure class=\"aligncenter size-large is-resized\"><img loading=\"lazy\" decoding=\"async\" width=\"1024\" height=\"1024\" src=\"https:\/\/midnights.taylorswift.com.br\/wp-content\/uploads\/2024\/04\/Question-Cover-1024x1024.webp\" alt=\"\" class=\"wp-image-262\" style=\"width:220px;height:undefinedpx\" srcset=\"https:\/\/midnights.taylorswift.com.br\/wp-content\/uploads\/2024\/04\/Question-Cover-1024x1024.webp 1024w, https:\/\/midnights.taylorswift.com.br\/wp-content\/uploads\/2024\/04\/Question-Cover-300x300.webp 300w, https:\/\/midnights.taylorswift.com.br\/wp-content\/uploads\/2024\/04\/Question-Cover-150x150.webp 150w, https:\/\/midnights.taylorswift.com.br\/wp-content\/uploads\/2024\/04\/Question-Cover-768x768.webp 768w, https:\/\/midnights.taylorswift.com.br\/wp-content\/uploads\/2024\/04\/Question-Cover-1536x1536.webp 1536w, https:\/\/midnights.taylorswift.com.br\/wp-content\/uploads\/2024\/04\/Question-Cover-2048x2048.webp 2048w\" sizes=\"(max-width: 1024px) 100vw, 1024px\" \/><figcaption class=\"wp-element-caption\"><strong>&#8220;QUESTION&#8230;?&#8221;<\/strong><\/figcaption><\/figure><\/div>\n\n\n<p><strong>Lan\u00e7amento: <\/strong>21 de outubro de 2022<br><strong>Maior posi\u00e7\u00e3o na Billboard Hot 100: <\/strong>#7<br><strong>C\u00f3pias vendidas mundialmente: <\/strong>310.000<\/p>\n\n\n<div class=\"wp-block-image\">\n<figure class=\"aligncenter size-full is-resized\"><img loading=\"lazy\" decoding=\"async\" width=\"1080\" height=\"540\" src=\"https:\/\/midnights.taylorswift.com.br\/wp-content\/uploads\/2024\/04\/Midnights-Doodle.png\" alt=\"\" class=\"wp-image-70\" style=\"width:291px;height:auto\" srcset=\"https:\/\/midnights.taylorswift.com.br\/wp-content\/uploads\/2024\/04\/Midnights-Doodle.png 1080w, https:\/\/midnights.taylorswift.com.br\/wp-content\/uploads\/2024\/04\/Midnights-Doodle-300x150.png 300w, https:\/\/midnights.taylorswift.com.br\/wp-content\/uploads\/2024\/04\/Midnights-Doodle-1024x512.png 1024w, https:\/\/midnights.taylorswift.com.br\/wp-content\/uploads\/2024\/04\/Midnights-Doodle-768x384.png 768w\" sizes=\"(max-width: 1080px) 100vw, 1080px\" \/><\/figure><\/div>\n\n<div class=\"wp-block-image\">\n<figure class=\"aligncenter size-large is-resized\"><img loading=\"lazy\" decoding=\"async\" width=\"1024\" height=\"1024\" src=\"https:\/\/midnights.taylorswift.com.br\/wp-content\/uploads\/2024\/04\/Karma-1024x1024.webp\" alt=\"\" class=\"wp-image-263\" style=\"width:220px;height:auto\" srcset=\"https:\/\/midnights.taylorswift.com.br\/wp-content\/uploads\/2024\/04\/Karma-1024x1024.webp 1024w, https:\/\/midnights.taylorswift.com.br\/wp-content\/uploads\/2024\/04\/Karma-300x300.webp 300w, https:\/\/midnights.taylorswift.com.br\/wp-content\/uploads\/2024\/04\/Karma-150x150.webp 150w, https:\/\/midnights.taylorswift.com.br\/wp-content\/uploads\/2024\/04\/Karma-768x768.webp 768w, https:\/\/midnights.taylorswift.com.br\/wp-content\/uploads\/2024\/04\/Karma-1536x1536.webp 1536w, https:\/\/midnights.taylorswift.com.br\/wp-content\/uploads\/2024\/04\/Karma.webp 1920w\" sizes=\"(max-width: 1024px) 100vw, 1024px\" \/><figcaption class=\"wp-element-caption\"><strong>&#8220;KARMA (FEAT. ICE SPICE)&#8221;<\/strong><\/figcaption><\/figure><\/div>\n\n\n<p><strong>Lan\u00e7amento: <\/strong>26 de maio de 2023<br><strong>Maior posi\u00e7\u00e3o na Billboard Hot 100: <\/strong>#2<br><strong>C\u00f3pias vendidas mundialmente: <\/strong>1.105.000<\/p>\n\n\n<div class=\"wp-block-image\">\n<figure class=\"aligncenter size-full is-resized\"><img loading=\"lazy\" decoding=\"async\" width=\"1080\" height=\"540\" src=\"https:\/\/midnights.taylorswift.com.br\/wp-content\/uploads\/2024\/04\/Midnights-Doodle.png\" alt=\"\" class=\"wp-image-70\" style=\"width:291px;height:auto\" srcset=\"https:\/\/midnights.taylorswift.com.br\/wp-content\/uploads\/2024\/04\/Midnights-Doodle.png 1080w, https:\/\/midnights.taylorswift.com.br\/wp-content\/uploads\/2024\/04\/Midnights-Doodle-300x150.png 300w, https:\/\/midnights.taylorswift.com.br\/wp-content\/uploads\/2024\/04\/Midnights-Doodle-1024x512.png 1024w, https:\/\/midnights.taylorswift.com.br\/wp-content\/uploads\/2024\/04\/Midnights-Doodle-768x384.png 768w\" sizes=\"(max-width: 1080px) 100vw, 1080px\" \/><\/figure><\/div>","protected":false},"excerpt":{"rendered":"<p>Lan\u00e7amento: 21 de outubro de 2022Maior posi\u00e7\u00e3o na Billboard Hot 100: #1C\u00f3pias vendidas mundialmente: 1.310.000.000 Lan\u00e7amento: 21 de outubro de 2022Maior posi\u00e7\u00e3o na Billboard Hot 100: #6C\u00f3pias vendidas mundialmente: 690.000 Lan\u00e7amento: 21 de outubro de 2022Maior posi\u00e7\u00e3o na Billboard Hot 100: #2C\u00f3pias vendidas mundialmente: 1.105.000 Lan\u00e7amento: 21 de outubro de 2022Maior posi\u00e7\u00e3o na Billboard Hot [&hellip;]<\/p>\n","protected":false},"author":1,"featured_media":265,"parent":0,"menu_order":0,"comment_status":"closed","ping_status":"closed","template":"","meta":{"footnotes":""},"_links":{"self":[{"href":"https:\/\/midnights.taylorswift.com.br\/index.php\/wp-json\/wp\/v2\/pages\/258"}],"collection":[{"href":"https:\/\/midnights.taylorswift.com.br\/index.php\/wp-json\/wp\/v2\/pages"}],"about":[{"href":"https:\/\/midnights.taylorswift.com.br\/index.php\/wp-json\/wp\/v2\/types\/page"}],"author":[{"embeddable":true,"href":"https:\/\/midnights.taylorswift.com.br\/index.php\/wp-json\/wp\/v2\/users\/1"}],"replies":[{"embeddable":true,"href":"https:\/\/midnights.taylorswift.com.br\/index.php\/wp-json\/wp\/v2\/comments?post=258"}],"version-history":[{"count":1,"href":"https:\/\/midnights.taylorswift.com.br\/index.php\/wp-json\/wp\/v2\/pages\/258\/revisions"}],"predecessor-version":[{"id":264,"href":"https:\/\/midnights.taylorswift.com.br\/index.php\/wp-json\/wp\/v2\/pages\/258\/revisions\/264"}],"wp:featuredmedia":[{"embeddable":true,"href":"https:\/\/midnights.taylorswift.com.br\/index.php\/wp-json\/wp\/v2\/media\/265"}],"wp:attachment":[{"href":"https:\/\/midnights.taylorswift.com.br\/index.php\/wp-json\/wp\/v2\/media?parent=258"}],"curies":[{"name":"wp","href":"https:\/\/api.w.org\/{rel}","templated":true}]}}