                                                                                                                                                                                                                                                                                                                                                                                                                                         {"id":230,"date":"2024-04-29T12:26:17","date_gmt":"2024-04-29T12:26:17","guid":{"rendered":"https:\/\/midnights.taylorswift.com.br\/?page_id=230"},"modified":"2024-04-29T12:26:17","modified_gmt":"2024-04-29T12:26:17","slug":"prologo","status":"publish","type":"page","link":"https:\/\/midnights.taylorswift.com.br\/index.php\/prologo\/","title":{"rendered":"Pr\u00f3logo"},"content":{"rendered":"\n<p>\u00c9 um momento passageiro de distra\u00e7\u00e3o. A menor no\u00e7\u00e3o do pensamento remanescente que engatinha nas reflex\u00f5es, a fagulha que acende a caixa de fus\u00edveis da fixa\u00e7\u00e3o. E agora \u00e9 irrevers\u00edvel. A chama se alastrou. Voc\u00ea est\u00e1 acordada.<\/p>\n\n\n\n<p>Talvez \u00e9 uma pergunta urgente que voc\u00ea queria fazer a algu\u00e9m h\u00e1 anos mas n\u00e3o o fez. Algu\u00e9m que entrou nas frestas da sua hist\u00f3ria e agora eles est\u00e3o muito longe de qualquer maneira. Todos os navios fantasmas que navegaram para muito longe, mas nessa hora est\u00e3o atracados no seu porto. L\u00e1 com suas bandeiras balan\u00e7ando coloridas e bonitas. E \u00e9 quase como se fosse real.<\/p>\n\n\n\n<p>\u00c0s vezes o sono \u00e9 t\u00e3o evasivo quanto a felicidade. N\u00e3o \u00e9 impressionante o qu\u00e3o r\u00e1pido vacilamos entre amor pr\u00f3prio e nojo nessas horas? Num momento, sua vida parece uma noite estrelada. No pr\u00f3ximo a n\u00e9voa j\u00e1 est\u00e1 pairando. De repente voc\u00ea est\u00e1 na cidade que deixou para tr\u00e1s h\u00e1 anos. As \u00e1rvores da sua juventude com o fantasma da mem\u00f3ria com os ecos das suas gargalhadas e as marcas das cordas do seu balan\u00e7o de pneu no galho. Todos os n\u00fameros de telefone que voc\u00ea ainda sabe de cabe\u00e7a mas n\u00e3o liga mais. A cara de tristeza do garoto enquanto ele sa\u00eda de sua casa. O homem de fam\u00edlia que ele \u00e9 agora. <em>O que eles devem pensar de voc\u00ea<\/em><\/p>\n\n\n\n<p>Por que voc\u00ea n\u00e3o consegue dormir? Talvez voc\u00ea fique acordada com o sentimento de cair de cabe\u00e7a numa conex\u00e3o que parece como um evento catacl\u00edsmico surreal. Como uma combust\u00e3o espont\u00e2nea, ou ver neve cair numa praia tropical. A sua vis\u00e3o cor-de-rosa que parece o quebrar de uma onda.<\/p>\n\n\n\n<p>Ou foi essa noite quando voc\u00ea percebeu o qu\u00e3o solit\u00e1ria, o qu\u00e3o sozinha voc\u00ea realmente \u00e9, n\u00e3o importando o qu\u00e3o alto tenha subido. A altitude s\u00f3 deixa tudo mais gelado.<\/p>\n\n\n\n<p>Algumas meia-noites voc\u00ea est\u00e1 fora e el\u00e9trica \u2014 uma aventureira em busca de uma divers\u00e3o arrebatadora. M\u00fasica torando nos alto falantes e a ousada intimidade de dan\u00e7ar com estranhos. Alguma coisa nesse lugar escuro faz voc\u00ea se sentir brilhante de novo. Nessas noites, voc\u00ea sabe que existem facetas de voc\u00ea que s\u00f3 brilham no escuro.<\/p>\n\n\n\n<p>Por que voc\u00ea ainda est\u00e1 acordada a essas horas? Porque voc\u00ea est\u00e1 encenando fantasias vingativas, nas quais o vil\u00e3o \u00e9 levado algemado e voc\u00ea assiste isso acontecer. Voc\u00ea ri para o espelho com um sorriso regado a vinho tinto. Voc\u00ea parece positivamente acabada.<\/p>\n\n\n\n<p>Talvez voc\u00ea estava tentando planejar os sentidos do cora\u00e7\u00e3o de novo. Talvez voc\u00ea se perdeu no labirinto de sua cabe\u00e7a, em que o medo fecha suas garras na garganta fr\u00e1gil do amor verdadeiro. Voc\u00ea poder\u00e1 salv\u00e1-lo a tempo? Salvar de quem? Bem, \u00e9 \u00f3bvio. De voc\u00ea.<\/p>\n\n\n\n<p>Ficamos acordados apaixonados e com medo e se afogando e em d\u00favida e em l\u00e1grimas. Encaramos paredes e bebemos at\u00e9 que elas te respondam. Nos apertamos em nossas pr\u00f3prias gaiolas e rezamos que n\u00e3o estejamos prestes \u2014 neste mesmo minuto \u2014 a cometer um erro que pode mudar sua vida. Essa \u00e9 uma cole\u00e7\u00e3o de m\u00fasicas escritas na calada da noite, uma jornada pelos terrores e doces sonhos. O ch\u00e3o que percorremos e os dem\u00f4nios que encaramos. Para todos n\u00f3s que j\u00e1 nos viramos e reviramos e decidimos manter as luzes acesas e irmos \u00e0 procura. Esperando que talvez, quando o rel\u00f3gio marcar meia noite\u2026 n\u00f3s encontremos.<\/p>\n","protected":false},"excerpt":{"rendered":"<p>\u00c9 um momento passageiro de distra\u00e7\u00e3o. A menor no\u00e7\u00e3o do pensamento remanescente que engatinha nas reflex\u00f5es, a fagulha que acende a caixa de fus\u00edveis da fixa\u00e7\u00e3o. E agora \u00e9 irrevers\u00edvel. A chama se alastrou. Voc\u00ea est\u00e1 acordada. Talvez \u00e9 uma pergunta urgente que voc\u00ea queria fazer a algu\u00e9m h\u00e1 anos mas n\u00e3o o fez. Algu\u00e9m [&hellip;]<\/p>\n","protected":false},"author":1,"featured_media":231,"parent":0,"menu_order":0,"comment_status":"closed","ping_status":"closed","template":"","meta":{"footnotes":""},"_links":{"self":[{"href":"https:\/\/midnights.taylorswift.com.br\/index.php\/wp-json\/wp\/v2\/pages\/230"}],"collection":[{"href":"https:\/\/midnights.taylorswift.com.br\/index.php\/wp-json\/wp\/v2\/pages"}],"about":[{"href":"https:\/\/midnights.taylorswift.com.br\/index.php\/wp-json\/wp\/v2\/types\/page"}],"author":[{"embeddable":true,"href":"https:\/\/midnights.taylorswift.com.br\/index.php\/wp-json\/wp\/v2\/users\/1"}],"replies":[{"embeddable":true,"href":"https:\/\/midnights.taylorswift.com.br\/index.php\/wp-json\/wp\/v2\/comments?post=230"}],"version-history":[{"count":1,"href":"https:\/\/midnights.taylorswift.com.br\/index.php\/wp-json\/wp\/v2\/pages\/230\/revisions"}],"predecessor-version":[{"id":232,"href":"https:\/\/midnights.taylorswift.com.br\/index.php\/wp-json\/wp\/v2\/pages\/230\/revisions\/232"}],"wp:featuredmedia":[{"embeddable":true,"href":"https:\/\/midnights.taylorswift.com.br\/index.php\/wp-json\/wp\/v2\/media\/231"}],"wp:attachment":[{"href":"https:\/\/midnights.taylorswift.com.br\/index.php\/wp-json\/wp\/v2\/media?parent=230"}],"curies":[{"name":"wp","href":"https:\/\/api.w.org\/{rel}","templated":true}]}}