                                                                                                                                                                                                                                                                                                                                                                                                                                         {"id":143,"date":"2024-04-28T16:45:12","date_gmt":"2024-04-28T16:45:12","guid":{"rendered":"https:\/\/midnights.taylorswift.com.br\/?page_id=143"},"modified":"2024-04-28T17:01:38","modified_gmt":"2024-04-28T17:01:38","slug":"composicao-e-producao","status":"publish","type":"page","link":"https:\/\/midnights.taylorswift.com.br\/index.php\/composicao-e-producao\/","title":{"rendered":"Composi\u00e7\u00e3o e Produ\u00e7\u00e3o"},"content":{"rendered":"\n<p class=\"has-text-align-center\"><strong>Lavender Haze<\/strong><br>Escrita por Taylor Swift, Jack Antonoff, Sam Dew, Z\u00f6e Kravitz, Mark Anthony Spears e Jahaan Sweet<br>Produzida por Taylor Swift, Jack Antonoff, Braxton Cook, Sounwave e Jahaan Sweet<\/p>\n\n\n<div class=\"wp-block-image\">\n<figure class=\"aligncenter size-full is-resized\"><img loading=\"lazy\" decoding=\"async\" width=\"1080\" height=\"540\" src=\"https:\/\/midnights.taylorswift.com.br\/wp-content\/uploads\/2024\/04\/Midnights-Doodle.png\" alt=\"\" class=\"wp-image-70\" style=\"width:291px;height:auto\" srcset=\"https:\/\/midnights.taylorswift.com.br\/wp-content\/uploads\/2024\/04\/Midnights-Doodle.png 1080w, https:\/\/midnights.taylorswift.com.br\/wp-content\/uploads\/2024\/04\/Midnights-Doodle-300x150.png 300w, https:\/\/midnights.taylorswift.com.br\/wp-content\/uploads\/2024\/04\/Midnights-Doodle-1024x512.png 1024w, https:\/\/midnights.taylorswift.com.br\/wp-content\/uploads\/2024\/04\/Midnights-Doodle-768x384.png 768w\" sizes=\"(max-width: 1080px) 100vw, 1080px\" \/><\/figure><\/div>\n\n\n<p class=\"has-text-align-center\"><strong>Maroon<\/strong><br>Escrita por Taylor Swift e Jack Antonoff<br>Produzida por Taylor Swift e Jack Antonoff<\/p>\n\n\n<div class=\"wp-block-image\">\n<figure class=\"aligncenter size-full is-resized\"><img loading=\"lazy\" decoding=\"async\" width=\"1080\" height=\"540\" src=\"https:\/\/midnights.taylorswift.com.br\/wp-content\/uploads\/2024\/04\/Midnights-Doodle.png\" alt=\"\" class=\"wp-image-70\" style=\"width:291px;height:auto\" srcset=\"https:\/\/midnights.taylorswift.com.br\/wp-content\/uploads\/2024\/04\/Midnights-Doodle.png 1080w, https:\/\/midnights.taylorswift.com.br\/wp-content\/uploads\/2024\/04\/Midnights-Doodle-300x150.png 300w, https:\/\/midnights.taylorswift.com.br\/wp-content\/uploads\/2024\/04\/Midnights-Doodle-1024x512.png 1024w, https:\/\/midnights.taylorswift.com.br\/wp-content\/uploads\/2024\/04\/Midnights-Doodle-768x384.png 768w\" sizes=\"(max-width: 1080px) 100vw, 1080px\" \/><\/figure><\/div>\n\n\n<p class=\"has-text-align-center\"><strong>Anti-Hero<\/strong><br>Escrita por Taylor Swift e Jack Antonoff<br>Produzida por Taylor Swift e Jack Antonoff<\/p>\n\n\n<div class=\"wp-block-image\">\n<figure class=\"aligncenter size-full is-resized\"><img loading=\"lazy\" decoding=\"async\" width=\"1080\" height=\"540\" src=\"https:\/\/midnights.taylorswift.com.br\/wp-content\/uploads\/2024\/04\/Midnights-Doodle.png\" alt=\"\" class=\"wp-image-70\" style=\"width:291px;height:auto\" srcset=\"https:\/\/midnights.taylorswift.com.br\/wp-content\/uploads\/2024\/04\/Midnights-Doodle.png 1080w, https:\/\/midnights.taylorswift.com.br\/wp-content\/uploads\/2024\/04\/Midnights-Doodle-300x150.png 300w, https:\/\/midnights.taylorswift.com.br\/wp-content\/uploads\/2024\/04\/Midnights-Doodle-1024x512.png 1024w, https:\/\/midnights.taylorswift.com.br\/wp-content\/uploads\/2024\/04\/Midnights-Doodle-768x384.png 768w\" sizes=\"(max-width: 1080px) 100vw, 1080px\" \/><\/figure><\/div>\n\n\n<p class=\"has-text-align-center\"><strong>Snow On The Beach (feat. Lana Del Rey)<\/strong><br>Escrita por Taylor Swift, Jack Antonoff e Lana Del Rey<br>Produzida por Taylor Swift e Jack Antonoff<\/p>\n\n\n<div class=\"wp-block-image\">\n<figure class=\"aligncenter size-full is-resized\"><img loading=\"lazy\" decoding=\"async\" width=\"1080\" height=\"540\" src=\"https:\/\/midnights.taylorswift.com.br\/wp-content\/uploads\/2024\/04\/Midnights-Doodle.png\" alt=\"\" class=\"wp-image-70\" style=\"width:291px;height:auto\" srcset=\"https:\/\/midnights.taylorswift.com.br\/wp-content\/uploads\/2024\/04\/Midnights-Doodle.png 1080w, https:\/\/midnights.taylorswift.com.br\/wp-content\/uploads\/2024\/04\/Midnights-Doodle-300x150.png 300w, https:\/\/midnights.taylorswift.com.br\/wp-content\/uploads\/2024\/04\/Midnights-Doodle-1024x512.png 1024w, https:\/\/midnights.taylorswift.com.br\/wp-content\/uploads\/2024\/04\/Midnights-Doodle-768x384.png 768w\" sizes=\"(max-width: 1080px) 100vw, 1080px\" \/><\/figure><\/div>\n\n\n<p class=\"has-text-align-center\"><strong>You\u2019re On Your Own, Kid<\/strong><br>Escrita por Taylor Swift e Jack Antonoff<br>Produzida por Taylor Swift e Jack Antonoff<\/p>\n\n\n<div class=\"wp-block-image\">\n<figure class=\"aligncenter size-full is-resized\"><img loading=\"lazy\" decoding=\"async\" width=\"1080\" height=\"540\" src=\"https:\/\/midnights.taylorswift.com.br\/wp-content\/uploads\/2024\/04\/Midnights-Doodle.png\" alt=\"\" class=\"wp-image-70\" style=\"width:291px;height:auto\" srcset=\"https:\/\/midnights.taylorswift.com.br\/wp-content\/uploads\/2024\/04\/Midnights-Doodle.png 1080w, https:\/\/midnights.taylorswift.com.br\/wp-content\/uploads\/2024\/04\/Midnights-Doodle-300x150.png 300w, https:\/\/midnights.taylorswift.com.br\/wp-content\/uploads\/2024\/04\/Midnights-Doodle-1024x512.png 1024w, https:\/\/midnights.taylorswift.com.br\/wp-content\/uploads\/2024\/04\/Midnights-Doodle-768x384.png 768w\" sizes=\"(max-width: 1080px) 100vw, 1080px\" \/><\/figure><\/div>\n\n\n<p class=\"has-text-align-center\"><strong>Midnight Rain<\/strong><br>Escrita por Taylor Swift e Jack Antonoff<br>Produzida por Taylor Swift e Jack Antonoff<\/p>\n\n\n<div class=\"wp-block-image\">\n<figure class=\"aligncenter size-full is-resized\"><img loading=\"lazy\" decoding=\"async\" width=\"1080\" height=\"540\" src=\"https:\/\/midnights.taylorswift.com.br\/wp-content\/uploads\/2024\/04\/Midnights-Doodle.png\" alt=\"\" class=\"wp-image-70\" style=\"width:291px;height:auto\" srcset=\"https:\/\/midnights.taylorswift.com.br\/wp-content\/uploads\/2024\/04\/Midnights-Doodle.png 1080w, https:\/\/midnights.taylorswift.com.br\/wp-content\/uploads\/2024\/04\/Midnights-Doodle-300x150.png 300w, https:\/\/midnights.taylorswift.com.br\/wp-content\/uploads\/2024\/04\/Midnights-Doodle-1024x512.png 1024w, https:\/\/midnights.taylorswift.com.br\/wp-content\/uploads\/2024\/04\/Midnights-Doodle-768x384.png 768w\" sizes=\"(max-width: 1080px) 100vw, 1080px\" \/><\/figure><\/div>\n\n\n<p class=\"has-text-align-center\"><strong>Question\u2026?<\/strong><br>Escrita por Taylor Swift e Jack Antonoff<br>Produzida por Taylor Swift e Jack Antonoff<\/p>\n\n\n<div class=\"wp-block-image\">\n<figure class=\"aligncenter size-full is-resized\"><img loading=\"lazy\" decoding=\"async\" width=\"1080\" height=\"540\" src=\"https:\/\/midnights.taylorswift.com.br\/wp-content\/uploads\/2024\/04\/Midnights-Doodle.png\" alt=\"\" class=\"wp-image-70\" style=\"width:291px;height:auto\" srcset=\"https:\/\/midnights.taylorswift.com.br\/wp-content\/uploads\/2024\/04\/Midnights-Doodle.png 1080w, https:\/\/midnights.taylorswift.com.br\/wp-content\/uploads\/2024\/04\/Midnights-Doodle-300x150.png 300w, https:\/\/midnights.taylorswift.com.br\/wp-content\/uploads\/2024\/04\/Midnights-Doodle-1024x512.png 1024w, https:\/\/midnights.taylorswift.com.br\/wp-content\/uploads\/2024\/04\/Midnights-Doodle-768x384.png 768w\" sizes=\"(max-width: 1080px) 100vw, 1080px\" \/><\/figure><\/div>\n\n\n<p class=\"has-text-align-center\"><strong>Vigilante Shit<\/strong><br>Escrita por Taylor Swift\u00a0<br>Produzida por Taylor Swift e Jack Antonoff<\/p>\n\n\n<div class=\"wp-block-image\">\n<figure class=\"aligncenter size-full is-resized\"><img loading=\"lazy\" decoding=\"async\" width=\"1080\" height=\"540\" src=\"https:\/\/midnights.taylorswift.com.br\/wp-content\/uploads\/2024\/04\/Midnights-Doodle.png\" alt=\"\" class=\"wp-image-70\" style=\"width:291px;height:auto\" srcset=\"https:\/\/midnights.taylorswift.com.br\/wp-content\/uploads\/2024\/04\/Midnights-Doodle.png 1080w, https:\/\/midnights.taylorswift.com.br\/wp-content\/uploads\/2024\/04\/Midnights-Doodle-300x150.png 300w, https:\/\/midnights.taylorswift.com.br\/wp-content\/uploads\/2024\/04\/Midnights-Doodle-1024x512.png 1024w, https:\/\/midnights.taylorswift.com.br\/wp-content\/uploads\/2024\/04\/Midnights-Doodle-768x384.png 768w\" sizes=\"(max-width: 1080px) 100vw, 1080px\" \/><\/figure><\/div>\n\n\n<p class=\"has-text-align-center\"><strong>Bejeweled<\/strong><br>Escrita por Taylor Swift e Jack Antonoff<br>Produzida por Taylor Swift e Jack Antonoff<\/p>\n\n\n<div class=\"wp-block-image\">\n<figure class=\"aligncenter size-full is-resized\"><img loading=\"lazy\" decoding=\"async\" width=\"1080\" height=\"540\" src=\"https:\/\/midnights.taylorswift.com.br\/wp-content\/uploads\/2024\/04\/Midnights-Doodle.png\" alt=\"\" class=\"wp-image-70\" style=\"width:291px;height:auto\" srcset=\"https:\/\/midnights.taylorswift.com.br\/wp-content\/uploads\/2024\/04\/Midnights-Doodle.png 1080w, https:\/\/midnights.taylorswift.com.br\/wp-content\/uploads\/2024\/04\/Midnights-Doodle-300x150.png 300w, https:\/\/midnights.taylorswift.com.br\/wp-content\/uploads\/2024\/04\/Midnights-Doodle-1024x512.png 1024w, https:\/\/midnights.taylorswift.com.br\/wp-content\/uploads\/2024\/04\/Midnights-Doodle-768x384.png 768w\" sizes=\"(max-width: 1080px) 100vw, 1080px\" \/><\/figure><\/div>\n\n\n<p class=\"has-text-align-center\"><strong>Labyrinth<\/strong><br>Escrita por Taylor Swift e Jack Antonoff<br>Produzida por Taylor Swift e Jack Antonoff<\/p>\n\n\n<div class=\"wp-block-image\">\n<figure class=\"aligncenter size-full is-resized\"><img loading=\"lazy\" decoding=\"async\" width=\"1080\" height=\"540\" src=\"https:\/\/midnights.taylorswift.com.br\/wp-content\/uploads\/2024\/04\/Midnights-Doodle.png\" alt=\"\" class=\"wp-image-70\" style=\"width:291px;height:auto\" srcset=\"https:\/\/midnights.taylorswift.com.br\/wp-content\/uploads\/2024\/04\/Midnights-Doodle.png 1080w, https:\/\/midnights.taylorswift.com.br\/wp-content\/uploads\/2024\/04\/Midnights-Doodle-300x150.png 300w, https:\/\/midnights.taylorswift.com.br\/wp-content\/uploads\/2024\/04\/Midnights-Doodle-1024x512.png 1024w, https:\/\/midnights.taylorswift.com.br\/wp-content\/uploads\/2024\/04\/Midnights-Doodle-768x384.png 768w\" sizes=\"(max-width: 1080px) 100vw, 1080px\" \/><\/figure><\/div>\n\n\n<p class=\"has-text-align-center\"><strong>Karma<\/strong><br>Escrita por Taylor Swift, Jack Antonoff, Keanu Beats, Mark Anthony Spears e Jahaan Sweet<br>Produzida por Taylor Swift, Jack Antonoff, Braxton Cook, Keanu Beats e Sounwave<\/p>\n\n\n<div class=\"wp-block-image\">\n<figure class=\"aligncenter size-full is-resized\"><img loading=\"lazy\" decoding=\"async\" width=\"1080\" height=\"540\" src=\"https:\/\/midnights.taylorswift.com.br\/wp-content\/uploads\/2024\/04\/Midnights-Doodle.png\" alt=\"\" class=\"wp-image-70\" style=\"width:291px;height:auto\" srcset=\"https:\/\/midnights.taylorswift.com.br\/wp-content\/uploads\/2024\/04\/Midnights-Doodle.png 1080w, https:\/\/midnights.taylorswift.com.br\/wp-content\/uploads\/2024\/04\/Midnights-Doodle-300x150.png 300w, https:\/\/midnights.taylorswift.com.br\/wp-content\/uploads\/2024\/04\/Midnights-Doodle-1024x512.png 1024w, https:\/\/midnights.taylorswift.com.br\/wp-content\/uploads\/2024\/04\/Midnights-Doodle-768x384.png 768w\" sizes=\"(max-width: 1080px) 100vw, 1080px\" \/><\/figure><\/div>\n\n\n<p class=\"has-text-align-center\"><strong>Sweet Nothing<\/strong><br>Escrita por Taylor Swift e William Bowery<br>Produzida por Taylor Swift e Jack Antonoff<\/p>\n\n\n<div class=\"wp-block-image\">\n<figure class=\"aligncenter size-full is-resized\"><img loading=\"lazy\" decoding=\"async\" width=\"1080\" height=\"540\" src=\"https:\/\/midnights.taylorswift.com.br\/wp-content\/uploads\/2024\/04\/Midnights-Doodle.png\" alt=\"\" class=\"wp-image-70\" style=\"width:291px;height:auto\" srcset=\"https:\/\/midnights.taylorswift.com.br\/wp-content\/uploads\/2024\/04\/Midnights-Doodle.png 1080w, https:\/\/midnights.taylorswift.com.br\/wp-content\/uploads\/2024\/04\/Midnights-Doodle-300x150.png 300w, https:\/\/midnights.taylorswift.com.br\/wp-content\/uploads\/2024\/04\/Midnights-Doodle-1024x512.png 1024w, https:\/\/midnights.taylorswift.com.br\/wp-content\/uploads\/2024\/04\/Midnights-Doodle-768x384.png 768w\" sizes=\"(max-width: 1080px) 100vw, 1080px\" \/><\/figure><\/div>\n\n\n<p class=\"has-text-align-center\"><strong>Mastermind<\/strong><br>Escrita por Taylor Swift e Jack Antonoff<br>Produzida por Taylor Swift e Jack Antonoff<\/p>\n\n\n<div class=\"wp-block-image\">\n<figure class=\"aligncenter size-full is-resized\"><img loading=\"lazy\" decoding=\"async\" width=\"1080\" height=\"540\" src=\"https:\/\/midnights.taylorswift.com.br\/wp-content\/uploads\/2024\/04\/Midnights-Doodle.png\" alt=\"\" class=\"wp-image-70\" style=\"width:291px;height:auto\" srcset=\"https:\/\/midnights.taylorswift.com.br\/wp-content\/uploads\/2024\/04\/Midnights-Doodle.png 1080w, https:\/\/midnights.taylorswift.com.br\/wp-content\/uploads\/2024\/04\/Midnights-Doodle-300x150.png 300w, https:\/\/midnights.taylorswift.com.br\/wp-content\/uploads\/2024\/04\/Midnights-Doodle-1024x512.png 1024w, https:\/\/midnights.taylorswift.com.br\/wp-content\/uploads\/2024\/04\/Midnights-Doodle-768x384.png 768w\" sizes=\"(max-width: 1080px) 100vw, 1080px\" \/><\/figure><\/div>\n\n\n<p class=\"has-text-align-center\"><strong>Hits Different (bonus track)<\/strong><br>Escrita por Taylor Swift, Aaron Dessner e Jack Antonoff<br>Produzida por Taylor Swift, Aaron Dessner e Jack Antonoff<\/p>\n\n\n<div class=\"wp-block-image\">\n<figure class=\"aligncenter size-full is-resized\"><img loading=\"lazy\" decoding=\"async\" width=\"1080\" height=\"540\" src=\"https:\/\/midnights.taylorswift.com.br\/wp-content\/uploads\/2024\/04\/Midnights-Doodle.png\" alt=\"\" class=\"wp-image-70\" style=\"width:291px;height:auto\" srcset=\"https:\/\/midnights.taylorswift.com.br\/wp-content\/uploads\/2024\/04\/Midnights-Doodle.png 1080w, https:\/\/midnights.taylorswift.com.br\/wp-content\/uploads\/2024\/04\/Midnights-Doodle-300x150.png 300w, https:\/\/midnights.taylorswift.com.br\/wp-content\/uploads\/2024\/04\/Midnights-Doodle-1024x512.png 1024w, https:\/\/midnights.taylorswift.com.br\/wp-content\/uploads\/2024\/04\/Midnights-Doodle-768x384.png 768w\" sizes=\"(max-width: 1080px) 100vw, 1080px\" \/><\/figure><\/div>\n\n\n<p class=\"has-text-align-center\"><strong>The Great War<\/strong><br>Escrita por Taylor Swift e Aaron Dessner<br>Produzida por Taylor Swift e Aaron Dessner<\/p>\n\n\n<div class=\"wp-block-image\">\n<figure class=\"aligncenter size-full is-resized\"><img loading=\"lazy\" decoding=\"async\" width=\"1080\" height=\"540\" src=\"https:\/\/midnights.taylorswift.com.br\/wp-content\/uploads\/2024\/04\/Midnights-Doodle.png\" alt=\"\" class=\"wp-image-70\" style=\"width:291px;height:auto\" srcset=\"https:\/\/midnights.taylorswift.com.br\/wp-content\/uploads\/2024\/04\/Midnights-Doodle.png 1080w, https:\/\/midnights.taylorswift.com.br\/wp-content\/uploads\/2024\/04\/Midnights-Doodle-300x150.png 300w, https:\/\/midnights.taylorswift.com.br\/wp-content\/uploads\/2024\/04\/Midnights-Doodle-1024x512.png 1024w, https:\/\/midnights.taylorswift.com.br\/wp-content\/uploads\/2024\/04\/Midnights-Doodle-768x384.png 768w\" sizes=\"(max-width: 1080px) 100vw, 1080px\" \/><\/figure><\/div>\n\n\n<p class=\"has-text-align-center\"><strong>Bigger Than The Whole Sky<\/strong><br>Escrita por Taylor Swift e Jack Antonoff<br>Produzida por Taylor Swift e Jack Antonoff<\/p>\n\n\n<div class=\"wp-block-image\">\n<figure class=\"aligncenter size-full is-resized\"><img loading=\"lazy\" decoding=\"async\" width=\"1080\" height=\"540\" src=\"https:\/\/midnights.taylorswift.com.br\/wp-content\/uploads\/2024\/04\/Midnights-Doodle.png\" alt=\"\" class=\"wp-image-70\" style=\"width:291px;height:auto\" srcset=\"https:\/\/midnights.taylorswift.com.br\/wp-content\/uploads\/2024\/04\/Midnights-Doodle.png 1080w, https:\/\/midnights.taylorswift.com.br\/wp-content\/uploads\/2024\/04\/Midnights-Doodle-300x150.png 300w, https:\/\/midnights.taylorswift.com.br\/wp-content\/uploads\/2024\/04\/Midnights-Doodle-1024x512.png 1024w, https:\/\/midnights.taylorswift.com.br\/wp-content\/uploads\/2024\/04\/Midnights-Doodle-768x384.png 768w\" sizes=\"(max-width: 1080px) 100vw, 1080px\" \/><\/figure><\/div>\n\n\n<p class=\"has-text-align-center\"><strong>Paris<\/strong><br>Escrita por Taylor Swift e Jack Antonoff<br>Produzida por Taylor Swift e Jack Antonoff<\/p>\n\n\n<div class=\"wp-block-image\">\n<figure class=\"aligncenter size-full is-resized\"><img loading=\"lazy\" decoding=\"async\" width=\"1080\" height=\"540\" src=\"https:\/\/midnights.taylorswift.com.br\/wp-content\/uploads\/2024\/04\/Midnights-Doodle.png\" alt=\"\" class=\"wp-image-70\" style=\"width:291px;height:auto\" srcset=\"https:\/\/midnights.taylorswift.com.br\/wp-content\/uploads\/2024\/04\/Midnights-Doodle.png 1080w, https:\/\/midnights.taylorswift.com.br\/wp-content\/uploads\/2024\/04\/Midnights-Doodle-300x150.png 300w, https:\/\/midnights.taylorswift.com.br\/wp-content\/uploads\/2024\/04\/Midnights-Doodle-1024x512.png 1024w, https:\/\/midnights.taylorswift.com.br\/wp-content\/uploads\/2024\/04\/Midnights-Doodle-768x384.png 768w\" sizes=\"(max-width: 1080px) 100vw, 1080px\" \/><\/figure><\/div>\n\n\n<p class=\"has-text-align-center\"><strong>High Infidelity<\/strong><br>Escrita por Taylor Swift e Aaron Dessner<br>Produzida por Taylor Swift e Aaron Dessner<\/p>\n\n\n<div class=\"wp-block-image\">\n<figure class=\"aligncenter size-full is-resized\"><img loading=\"lazy\" decoding=\"async\" width=\"1080\" height=\"540\" src=\"https:\/\/midnights.taylorswift.com.br\/wp-content\/uploads\/2024\/04\/Midnights-Doodle.png\" alt=\"\" class=\"wp-image-70\" style=\"width:291px;height:auto\" srcset=\"https:\/\/midnights.taylorswift.com.br\/wp-content\/uploads\/2024\/04\/Midnights-Doodle.png 1080w, https:\/\/midnights.taylorswift.com.br\/wp-content\/uploads\/2024\/04\/Midnights-Doodle-300x150.png 300w, https:\/\/midnights.taylorswift.com.br\/wp-content\/uploads\/2024\/04\/Midnights-Doodle-1024x512.png 1024w, https:\/\/midnights.taylorswift.com.br\/wp-content\/uploads\/2024\/04\/Midnights-Doodle-768x384.png 768w\" sizes=\"(max-width: 1080px) 100vw, 1080px\" \/><\/figure><\/div>\n\n\n<p class=\"has-text-align-center\"><strong>Glitch<\/strong><br>Escrita por Taylor Swift, Sam Dew e Jack Antonoff<br>Produzida por Taylor Swift, Jack Antonoff e Sounwave<\/p>\n\n\n<div class=\"wp-block-image\">\n<figure class=\"aligncenter size-full is-resized\"><img loading=\"lazy\" decoding=\"async\" width=\"1080\" height=\"540\" src=\"https:\/\/midnights.taylorswift.com.br\/wp-content\/uploads\/2024\/04\/Midnights-Doodle.png\" alt=\"\" class=\"wp-image-70\" style=\"width:291px;height:auto\" srcset=\"https:\/\/midnights.taylorswift.com.br\/wp-content\/uploads\/2024\/04\/Midnights-Doodle.png 1080w, https:\/\/midnights.taylorswift.com.br\/wp-content\/uploads\/2024\/04\/Midnights-Doodle-300x150.png 300w, https:\/\/midnights.taylorswift.com.br\/wp-content\/uploads\/2024\/04\/Midnights-Doodle-1024x512.png 1024w, https:\/\/midnights.taylorswift.com.br\/wp-content\/uploads\/2024\/04\/Midnights-Doodle-768x384.png 768w\" sizes=\"(max-width: 1080px) 100vw, 1080px\" \/><\/figure><\/div>\n\n\n<p class=\"has-text-align-center\"><strong>Would\u2019ve, Should\u2019ve, Could\u2019ve<\/strong><br>Escrita por Taylor Swift e Aaron Dessner<br>Produzida por Taylor Swift e Aaron Dessner<\/p>\n\n\n<div class=\"wp-block-image\">\n<figure class=\"aligncenter size-full is-resized\"><img loading=\"lazy\" decoding=\"async\" width=\"1080\" height=\"540\" src=\"https:\/\/midnights.taylorswift.com.br\/wp-content\/uploads\/2024\/04\/Midnights-Doodle.png\" alt=\"\" class=\"wp-image-70\" style=\"width:291px;height:auto\" srcset=\"https:\/\/midnights.taylorswift.com.br\/wp-content\/uploads\/2024\/04\/Midnights-Doodle.png 1080w, https:\/\/midnights.taylorswift.com.br\/wp-content\/uploads\/2024\/04\/Midnights-Doodle-300x150.png 300w, https:\/\/midnights.taylorswift.com.br\/wp-content\/uploads\/2024\/04\/Midnights-Doodle-1024x512.png 1024w, https:\/\/midnights.taylorswift.com.br\/wp-content\/uploads\/2024\/04\/Midnights-Doodle-768x384.png 768w\" sizes=\"(max-width: 1080px) 100vw, 1080px\" \/><\/figure><\/div>\n\n\n<p class=\"has-text-align-center\"><strong>Dear Reader<\/strong><br>Escrita por Taylor Swift e Jack Antonoff<br>Produzida por Taylor Swift e Jack Antonoff<\/p>\n\n\n<div class=\"wp-block-image\">\n<figure class=\"aligncenter size-full is-resized\"><img loading=\"lazy\" decoding=\"async\" width=\"1080\" height=\"540\" src=\"https:\/\/midnights.taylorswift.com.br\/wp-content\/uploads\/2024\/04\/Midnights-Doodle.png\" alt=\"\" class=\"wp-image-70\" style=\"width:291px;height:auto\" srcset=\"https:\/\/midnights.taylorswift.com.br\/wp-content\/uploads\/2024\/04\/Midnights-Doodle.png 1080w, https:\/\/midnights.taylorswift.com.br\/wp-content\/uploads\/2024\/04\/Midnights-Doodle-300x150.png 300w, https:\/\/midnights.taylorswift.com.br\/wp-content\/uploads\/2024\/04\/Midnights-Doodle-1024x512.png 1024w, https:\/\/midnights.taylorswift.com.br\/wp-content\/uploads\/2024\/04\/Midnights-Doodle-768x384.png 768w\" sizes=\"(max-width: 1080px) 100vw, 1080px\" \/><\/figure><\/div>\n\n\n<p class=\"has-text-align-center\"><strong>You\u2019re Losing Me<\/strong><br>Escrita por Taylor Swift e Jack Antonoff<br>Produzida por Taylor Swift e Jack Antonoff<\/p>\n","protected":false},"excerpt":{"rendered":"<p>Lavender HazeEscrita por Taylor Swift, Jack Antonoff, Sam Dew, Z\u00f6e Kravitz, Mark Anthony Spears e Jahaan SweetProduzida por Taylor Swift, Jack Antonoff, Braxton Cook, Sounwave e Jahaan Sweet MaroonEscrita por Taylor Swift e Jack AntonoffProduzida por Taylor Swift e Jack Antonoff Anti-HeroEscrita por Taylor Swift e Jack AntonoffProduzida por Taylor Swift e Jack Antonoff Snow [&hellip;]<\/p>\n","protected":false},"author":1,"featured_media":144,"parent":0,"menu_order":0,"comment_status":"closed","ping_status":"closed","template":"","meta":{"footnotes":""},"_links":{"self":[{"href":"https:\/\/midnights.taylorswift.com.br\/index.php\/wp-json\/wp\/v2\/pages\/143"}],"collection":[{"href":"https:\/\/midnights.taylorswift.com.br\/index.php\/wp-json\/wp\/v2\/pages"}],"about":[{"href":"https:\/\/midnights.taylorswift.com.br\/index.php\/wp-json\/wp\/v2\/types\/page"}],"author":[{"embeddable":true,"href":"https:\/\/midnights.taylorswift.com.br\/index.php\/wp-json\/wp\/v2\/users\/1"}],"replies":[{"embeddable":true,"href":"https:\/\/midnights.taylorswift.com.br\/index.php\/wp-json\/wp\/v2\/comments?post=143"}],"version-history":[{"count":13,"href":"https:\/\/midnights.taylorswift.com.br\/index.php\/wp-json\/wp\/v2\/pages\/143\/revisions"}],"predecessor-version":[{"id":164,"href":"https:\/\/midnights.taylorswift.com.br\/index.php\/wp-json\/wp\/v2\/pages\/143\/revisions\/164"}],"wp:featuredmedia":[{"embeddable":true,"href":"https:\/\/midnights.taylorswift.com.br\/index.php\/wp-json\/wp\/v2\/media\/144"}],"wp:attachment":[{"href":"https:\/\/midnights.taylorswift.com.br\/index.php\/wp-json\/wp\/v2\/media?parent=143"}],"curies":[{"name":"wp","href":"https:\/\/api.w.org\/{rel}","templated":true}]}}