                                                                                                                                                                                                                                                                                                                                                                                                                                         {"id":10,"date":"2024-04-27T20:18:05","date_gmt":"2024-04-27T20:18:05","guid":{"rendered":"https:\/\/midnights.taylorswift.com.br\/?page_id=10"},"modified":"2024-08-23T18:29:01","modified_gmt":"2024-08-23T18:29:01","slug":"home","status":"publish","type":"page","link":"https:\/\/midnights.taylorswift.com.br\/","title":{"rendered":"Home"},"content":{"rendered":"\n<div class=\"wp-block-group\"><div class=\"wp-block-group__inner-container is-layout-constrained wp-block-group-is-layout-constrained\">\n<div class=\"wp-block-cover has-parallax\" style=\"min-height:873px;aspect-ratio:unset;\"><span aria-hidden=\"true\" class=\"wp-block-cover__background has-black-background-color has-background-dim-30 has-background-dim\"><\/span><div class=\"wp-block-cover__image-background wp-image-268 has-parallax\" style=\"background-position:50% 50%;background-image:url(https:\/\/midnights.taylorswift.com.br\/wp-content\/uploads\/2024\/04\/Midnights-Background-1.png)\"><\/div><div class=\"wp-block-cover__inner-container is-layout-flow wp-block-cover-is-layout-flow\"><div class=\"wp-block-image\">\n<figure class=\"aligncenter size-full is-resized\"><img loading=\"lazy\" decoding=\"async\" width=\"710\" height=\"272\" src=\"https:\/\/midnights.taylorswift.com.br\/wp-content\/uploads\/2024\/04\/Taylor_Swift_-_Midnights_Logo3.png\" alt=\"\" class=\"wp-image-26\" style=\"width:166px;height:auto\" srcset=\"https:\/\/midnights.taylorswift.com.br\/wp-content\/uploads\/2024\/04\/Taylor_Swift_-_Midnights_Logo3.png 710w, https:\/\/midnights.taylorswift.com.br\/wp-content\/uploads\/2024\/04\/Taylor_Swift_-_Midnights_Logo3-300x115.png 300w\" sizes=\"(max-width: 710px) 100vw, 710px\" \/><\/figure><\/div>\n\n\n<p class=\"has-text-align-center\">D\u00e9cimo \u00e1lbum de est\u00fadio da Taylor Swift.<\/p>\n<\/div><\/div>\n<\/div><\/div>\n\n\n\n<div class=\"wp-block-cover wp-duotone-unset-1\" style=\"min-height:478px;aspect-ratio:unset;\"><span aria-hidden=\"true\" class=\"wp-block-cover__background has-background-dim-20 has-background-dim\"><\/span><img loading=\"lazy\" decoding=\"async\" width=\"1500\" height=\"800\" class=\"wp-block-cover__image-background wp-image-38\" alt=\"\" src=\"https:\/\/midnights.taylorswift.com.br\/wp-content\/uploads\/2024\/04\/fundo.png\" data-object-fit=\"cover\" srcset=\"https:\/\/midnights.taylorswift.com.br\/wp-content\/uploads\/2024\/04\/fundo.png 1500w, https:\/\/midnights.taylorswift.com.br\/wp-content\/uploads\/2024\/04\/fundo-300x160.png 300w, https:\/\/midnights.taylorswift.com.br\/wp-content\/uploads\/2024\/04\/fundo-1024x546.png 1024w, https:\/\/midnights.taylorswift.com.br\/wp-content\/uploads\/2024\/04\/fundo-768x410.png 768w\" sizes=\"(max-width: 1500px) 100vw, 1500px\" \/><div class=\"wp-block-cover__inner-container is-layout-flow wp-block-cover-is-layout-flow\">\n<p class=\"has-text-align-center has-white-color has-text-color has-link-color has-medium-font-size wp-elements-78783b4217eebdec3f69786a0264499a\">Descrito por Taylor como&nbsp;<em>\u201cas hist\u00f3rias de 13 noites sem dormir espalhadas pela minha vida\u201d<\/em>, o&nbsp;<strong>\u201cMidnights\u201d&nbsp;<\/strong>\u00e9 o&nbsp;<strong>d\u00e9cimo \u00e1lbum<\/strong>&nbsp;da carreira de Taylor e seu quarto (\u00e1lbum) in\u00e9dito com a gravadora&nbsp;<strong>\u201cRepublic Records\u201d<\/strong>. Ap\u00f3s dois \u00e1lbuns in\u00e9ditos com sonoridade folk e alternativa, o \u201cMidnights\u201d marcou o retorno de Taylor Swift ao&nbsp;<strong>pop<\/strong>, conta com a participa\u00e7\u00e3o especial de<strong>&nbsp;Lana Del Rey&nbsp;<\/strong>e tem como principal colaborador&nbsp;<strong>Jack Antonoff<\/strong>.<\/p>\n<\/div><\/div>\n\n\n\n<div class=\"wp-block-cover has-parallax\" style=\"min-height:585px;aspect-ratio:unset;\"><span aria-hidden=\"true\" class=\"wp-block-cover__background has-black-background-color has-background-dim-30 has-background-dim\"><\/span><div class=\"wp-block-cover__image-background wp-image-270 has-parallax\" style=\"background-position:50% 50%;background-image:url(https:\/\/midnights.taylorswift.com.br\/wp-content\/uploads\/2024\/04\/Midnights-Background-2.png)\"><\/div><div class=\"wp-block-cover__inner-container is-layout-flow wp-block-cover-is-layout-flow\">\n<p class=\"has-text-align-center has-large-font-size\"><a href=\"https:\/\/midnights.taylorswift.com.br\/index.php\/edicoes\/\" data-type=\"page\" data-id=\"62\">Edi\u00e7\u00f5es<\/a><\/p>\n<\/div><\/div>\n\n\n\n<div class=\"wp-block-cover has-parallax\" style=\"min-height:610px;aspect-ratio:unset;\"><span aria-hidden=\"true\" class=\"wp-block-cover__background has-black-background-color has-background-dim-30 has-background-dim\"><\/span><div class=\"wp-block-cover__image-background wp-image-273 has-parallax\" style=\"background-position:50% 50%;background-image:url(https:\/\/midnights.taylorswift.com.br\/wp-content\/uploads\/2024\/04\/Midnights-Background-3.png)\"><\/div><div class=\"wp-block-cover__inner-container is-layout-flow wp-block-cover-is-layout-flow\">\n<p class=\"has-text-align-center has-large-font-size\"><a href=\"https:\/\/midnights.taylorswift.com.br\/index.php\/composicao-e-producao\/\">Composi\u00e7\u00e3o e Produ\u00e7\u00e3o<\/a><\/p>\n<\/div><\/div>\n\n\n\n<div class=\"wp-block-cover has-parallax wp-duotone-unset-2\" style=\"min-height:625px;aspect-ratio:unset;\"><span aria-hidden=\"true\" class=\"wp-block-cover__background has-black-background-color has-background-dim-30 has-background-dim\"><\/span><div class=\"wp-block-cover__image-background wp-image-191 has-parallax\" style=\"background-position:50% 50%;background-image:url(https:\/\/midnights.taylorswift.com.br\/wp-content\/uploads\/2024\/04\/midnights-background-6.png)\"><\/div><div class=\"wp-block-cover__inner-container is-layout-flow wp-block-cover-is-layout-flow\">\n<p class=\"has-text-align-center has-large-font-size\"><a href=\"https:\/\/midnights.taylorswift.com.br\/index.php\/letras-e-traducoes\/\">Letras e Tradu\u00e7\u00f5es<\/a><\/p>\n<\/div><\/div>\n\n\n\n<div class=\"wp-block-cover has-parallax\" style=\"min-height:616px;aspect-ratio:unset;\"><span aria-hidden=\"true\" class=\"wp-block-cover__background has-black-background-color has-background-dim-30 has-background-dim\"><\/span><div class=\"wp-block-cover__image-background wp-image-224 has-parallax\" style=\"background-position:50% 50%;background-image:url(https:\/\/midnights.taylorswift.com.br\/wp-content\/uploads\/2024\/04\/midnights-background-8.png)\"><\/div><div class=\"wp-block-cover__inner-container is-layout-flow wp-block-cover-is-layout-flow\">\n<p class=\"has-text-align-center has-large-font-size\"><a href=\"https:\/\/midnights.taylorswift.com.br\/index.php\/ensaio-e-encartes\/\" data-type=\"link\" data-id=\"https:\/\/midnights.taylorswift.com.br\/index.php\/ensaio-e-encartes\/\">Ensaio e Encartes<\/a><\/p>\n<\/div><\/div>\n\n\n\n<div class=\"wp-block-cover has-parallax\" style=\"min-height:665px;aspect-ratio:unset;\"><span aria-hidden=\"true\" class=\"wp-block-cover__background has-background-dim-30 has-background-dim\"><\/span><div class=\"wp-block-cover__image-background wp-image-231 has-parallax\" style=\"background-position:50% 50%;background-image:url(https:\/\/midnights.taylorswift.com.br\/wp-content\/uploads\/2024\/04\/midnights-background-9-1024x546.png)\"><\/div><div class=\"wp-block-cover__inner-container is-layout-flow wp-block-cover-is-layout-flow\">\n<p class=\"has-text-align-center has-large-font-size\"><a href=\"https:\/\/midnights.taylorswift.com.br\/index.php\/prologo\/\" data-type=\"link\" data-id=\"https:\/\/midnights.taylorswift.com.br\/index.php\/prologo\/\">Pr\u00f3logo<\/a><\/p>\n<\/div><\/div>\n\n\n\n<div class=\"wp-block-cover has-parallax\" style=\"min-height:603px;aspect-ratio:unset;\"><span aria-hidden=\"true\" class=\"wp-block-cover__background has-background-dim-30 has-background-dim\"><\/span><div class=\"wp-block-cover__image-background wp-image-236 has-parallax\" style=\"background-position:50% 50%;background-image:url(https:\/\/midnights.taylorswift.com.br\/wp-content\/uploads\/2024\/04\/midnights-background-10.png)\"><\/div><div class=\"wp-block-cover__inner-container is-layout-flow wp-block-cover-is-layout-flow\">\n<p class=\"has-text-align-center has-large-font-size\"><a href=\"https:\/\/midnights.taylorswift.com.br\/index.php\/critica-e-desempenho\/\">Cr\u00edtica e Desempenho<\/a><\/p>\n<\/div><\/div>\n\n\n\n<div class=\"wp-block-cover has-parallax\" style=\"min-height:604px;aspect-ratio:unset;\"><span aria-hidden=\"true\" class=\"wp-block-cover__background has-black-background-color has-background-dim\"><\/span><div class=\"wp-block-cover__image-background wp-image-254 has-parallax\" style=\"background-position:50% 50%;background-image:url(https:\/\/midnights.taylorswift.com.br\/wp-content\/uploads\/2024\/04\/midnights-background-12.png)\"><\/div><div class=\"wp-block-cover__inner-container is-layout-flow wp-block-cover-is-layout-flow\">\n<p class=\"has-text-align-center has-large-font-size\"><a href=\"https:\/\/midnights.taylorswift.com.br\/index.php\/videoclipes\/\">Videoclipes<\/a><\/p>\n<\/div><\/div>\n\n\n\n<div class=\"wp-block-cover has-parallax\" style=\"min-height:530px;aspect-ratio:unset;\"><span aria-hidden=\"true\" class=\"wp-block-cover__background has-background-dim-30 has-background-dim\"><\/span><div class=\"wp-block-cover__image-background wp-image-265 has-parallax\" style=\"background-position:50% 50%;background-image:url(https:\/\/midnights.taylorswift.com.br\/wp-content\/uploads\/2024\/04\/midnights-background-13-1024x546.png)\"><\/div><div class=\"wp-block-cover__inner-container is-layout-flow wp-block-cover-is-layout-flow\">\n<p class=\"has-text-align-center has-large-font-size\"><a href=\"https:\/\/midnights.taylorswift.com.br\/index.php\/singles\/\">Singles<\/a><\/p>\n<\/div><\/div>\n\n\n\n<div class=\"wp-block-cover has-parallax\" style=\"min-height:530px;aspect-ratio:unset;\"><span aria-hidden=\"true\" class=\"wp-block-cover__background has-background-dim-30 has-background-dim\" style=\"background-color:#261b50\"><\/span><div class=\"wp-block-cover__image-background wp-image-285 has-parallax\" style=\"background-position:50% 50%;background-image:url(https:\/\/midnights.taylorswift.com.br\/wp-content\/uploads\/2024\/08\/20230611_205502.jpg)\"><\/div><div class=\"wp-block-cover__inner-container is-layout-flow wp-block-cover-is-layout-flow\">\n<p class=\"has-text-align-center has-large-font-size\"><a href=\"https:\/\/midnights.taylorswift.com.br\/index.php\/turne\/\" data-type=\"link\" data-id=\"https:\/\/midnights.taylorswift.com.br\/index.php\/turne\/\">Turn\u00ea<\/a><\/p>\n<\/div><\/div>\n","protected":false},"excerpt":{"rendered":"","protected":false},"author":1,"featured_media":13,"parent":0,"menu_order":0,"comment_status":"closed","ping_status":"closed","template":"page-paginainicial.php","meta":{"footnotes":""},"_links":{"self":[{"href":"https:\/\/midnights.taylorswift.com.br\/index.php\/wp-json\/wp\/v2\/pages\/10"}],"collection":[{"href":"https:\/\/midnights.taylorswift.com.br\/index.php\/wp-json\/wp\/v2\/pages"}],"about":[{"href":"https:\/\/midnights.taylorswift.com.br\/index.php\/wp-json\/wp\/v2\/types\/page"}],"author":[{"embeddable":true,"href":"https:\/\/midnights.taylorswift.com.br\/index.php\/wp-json\/wp\/v2\/users\/1"}],"replies":[{"embeddable":true,"href":"https:\/\/midnights.taylorswift.com.br\/index.php\/wp-json\/wp\/v2\/comments?post=10"}],"version-history":[{"count":77,"href":"https:\/\/midnights.taylorswift.com.br\/index.php\/wp-json\/wp\/v2\/pages\/10\/revisions"}],"predecessor-version":[{"id":289,"href":"https:\/\/midnights.taylorswift.com.br\/index.php\/wp-json\/wp\/v2\/pages\/10\/revisions\/289"}],"wp:featuredmedia":[{"embeddable":true,"href":"https:\/\/midnights.taylorswift.com.br\/index.php\/wp-json\/wp\/v2\/media\/13"}],"wp:attachment":[{"href":"https:\/\/midnights.taylorswift.com.br\/index.php\/wp-json\/wp\/v2\/media?parent=10"}],"curies":[{"name":"wp","href":"https:\/\/api.w.org\/{rel}","templated":true}]}}